{"id":17,"date":"2026-03-23T11:53:46","date_gmt":"2026-03-23T11:53:46","guid":{"rendered":"https:\/\/practica.dev-factory.ro\/?page_id=17"},"modified":"2026-04-03T14:00:45","modified_gmt":"2026-04-03T14:00:45","slug":"home","status":"publish","type":"page","link":"https:\/\/practica.dev-factory.ro\/","title":{"rendered":"home"},"content":{"rendered":"\n<div class=\"wp-block-group has-global-padding is-layout-constrained wp-block-group-is-layout-constrained\">\n<section class=\"hero\">\n<div class=\"hero-container\">\n<div class=\"hero-left\">\n<div class=\"hero-title\">\n           Mut\u0103ri rapide \u00een Bucure\u0219ti <br>\n  \u0219i \u00een \u021bar\u0103\n         <\/div>\n<div class=\"hero-description\">\n<p>Planific\u0103m relocarea cap-coad\u0103 \u0219i transport\u0103m \u00een siguran\u021b\u0103 ca activitatea s\u0103 revin\u0103 rapid la normal.<\/p>\n<p><\/p><\/div>\n<div class=\"hero-list\">\n<div class=\"hero-list-item\">\n<div class=\"hero-list-icon\">\u2728<\/div>\n<div class=\"hero-list-text\">Echip\u0103 instruit\u0103 cu profesioni\u0219ti<\/div>\n<p><\/p><\/div>\n<div class=\"hero-list-item\">\n<div class=\"hero-list-icon\">\u2728<\/div>\n<div class=\"hero-list-text\">Costuri corecte \u0219i ofertare clar\u0103<\/div>\n<p><\/p><\/div>\n<div class=\"hero-list-item\">\n<div class=\"hero-list-icon\">\u2728<\/div>\n<div class=\"hero-list-text\">Transport \u00een Bucure\u0219ti \u0219i \u00een toat\u0103 \u021bara<\/div>\n<p><\/p><\/div>\n<div class=\"hero-list-item\">\n<div class=\"hero-list-icon\">\u2728<\/div>\n<div class=\"hero-list-text\">Responsabilitate complet\u0103: protec\u021bie, manipulare, transport, remontare<\/div>\n<p><\/p><\/div>\n<div class=\"hero-list-item\">\n<div class=\"hero-list-icon\">\u2728<\/div>\n<div class=\"hero-list-text\">\u00cempachet\u0103m, \u00eenc\u0103rc\u0103m \u0219i desc\u0103rc\u0103m la destina\u021bie, ca tu s\u0103 nu cari nimic<\/div>\n<p><\/p><\/div>\n<p><\/p><\/div>\n<div class=\"hero-contact\">\n  <a href=\"tel:0765453144\" class=\"hero-buton\"><br>\n    <span class=\"hero-buton-icon\">\u260f<\/span><br>\n    <span class=\"hero-buton-text\">0765 453 144<\/span><br>\n  <\/a>\n<\/div>\n<p><\/p><\/div>\n<p><\/p><\/div>\n<\/section>\n<\/div>\n\n\n\n<section class=\"quote-section\">\n  <div class=\"quote-container\">\n\n    <div class=\"quote-text\">Ob\u021bine estimarea gratuit\u0103 pentru mutare<\/div>\n    <div class=\"qoute-title\">Solicit\u0103 o ofert\u0103<\/div>\n\n    <form class=\"quote-form\">\n\n      <div class=\"form-row-2\">\n        <div class=\"form-group\">\n          <label for=\"name\">Nume *<\/label>\n          <input type=\"text\" id=\"name\" name=\"name\" placeholder=\"Numele dumneavoastra\" required>\n        <\/div>\n\n        <div class=\"form-group\">\n          <label for=\"email\">Email *<\/label>\n          <input type=\"email\" id=\"email\" name=\"email\" placeholder=\"Adresa de email\" required>\n        <\/div>\n      <\/div>\n\n      <div class=\"form-row-1\">\n        <div class=\"form-group\">\n          <label for=\"telefon\">Telefon<\/label>\n          <input type=\"text\" id=\"telefon\" name=\"telefon\" placeholder=\"Numar de telefon\">\n        <\/div>\n      <\/div>\n\n      <div class=\"form-row-5\">\n\n        <div class=\"form-group\">\n          <label for=\"move\">Tip mutare<\/label>\n          <select id=\"move\" name=\"move\">\n            <option value=\"\">Local<\/option>\n            <option value=\"national\">Intre judete<\/option>\n            <option value=\"international\">International<\/option>\n          <\/select>\n        <\/div>\n\n        <div class=\"form-group\">\n          <label for=\"from\">De la<\/label>\n          <input type=\"text\" id=\"from\" name=\"from\" placeholder=\"Ora\u0219\/Jude\u021b\">\n        <\/div>\n\n        <div class=\"form-group\">\n          <label for=\"to\">C\u0103tre<\/label>\n          <input type=\"text\" id=\"to\" name=\"to\" placeholder=\"Ora\u0219\/Jude\u021b\">\n        <\/div>\n\n        <div class=\"form-group\">\n          <label for=\"date\">Data<\/label>\n          <input type=\"date\" id=\"date\" name=\"date\">\n        <\/div>\n\n        <div class=\"form-group\">\n          <label for=\"home-size\">Dimensiune locuin\u021b\u0103<\/label>\n          <select id=\"home-size\" name=\"home-size\">\n            <option value=\"\">Selecteaz\u0103<\/option>\n            <option value=\"garsoniera\">Garsonier\u0103<\/option>\n            <option value=\"2-camere\">2 camere<\/option>\n            <option value=\"3-camere\">3 camere<\/option>\n            <option value=\"4-camere\">4+ camere<\/option>\n            <option value=\"casa\">Cas\u0103<\/option>\n          <\/select>\n        <\/div>\n\n      <\/div>\n\n      <div class=\"form-consent\">\n        <input type=\"checkbox\" id=\"gdpr\" required>\n        <label for=\"gdpr\">\n          Sunt de acord cu prelucrarea datelor personale conform\n          <a href=\"#\">Politicii de Confiden\u021bialitate<\/a>\n        <\/label>\n      <\/div>\n\n      <div class=\"form-submit\">\n        <button type=\"submit\">Trimite cererea<\/button>\n      <\/div>\n\n    <\/form>\n  <\/div>\n<\/section>\n","protected":false},"excerpt":{"rendered":"<p>Mut\u0103ri rapide \u00een Bucure\u0219ti \u0219i \u00een \u021bar\u0103 Planific\u0103m relocarea cap-coad\u0103 \u0219i transport\u0103m \u00een siguran\u021b\u0103 ca activitatea s\u0103 revin\u0103 rapid la normal. \u2728 Echip\u0103 instruit\u0103 cu profesioni\u0219ti \u2728 Costuri corecte \u0219i ofertare clar\u0103 \u2728 Transport \u00een Bucure\u0219ti \u0219i \u00een toat\u0103 \u021bara \u2728 Responsabilitate complet\u0103: protec\u021bie, manipulare, transport, remontare \u2728 \u00cempachet\u0103m, \u00eenc\u0103rc\u0103m \u0219i desc\u0103rc\u0103m la destina\u021bie, ca [&hellip;]<\/p>\n","protected":false},"author":1,"featured_media":0,"parent":0,"menu_order":0,"comment_status":"closed","ping_status":"closed","template":"","meta":{"_acf_changed":false,"footnotes":""},"class_list":["post-17","page","type-page","status-publish","hentry"],"acf":[],"_links":{"self":[{"href":"https:\/\/practica.dev-factory.ro\/index.php?rest_route=\/wp\/v2\/pages\/17","targetHints":{"allow":["GET"]}}],"collection":[{"href":"https:\/\/practica.dev-factory.ro\/index.php?rest_route=\/wp\/v2\/pages"}],"about":[{"href":"https:\/\/practica.dev-factory.ro\/index.php?rest_route=\/wp\/v2\/types\/page"}],"author":[{"embeddable":true,"href":"https:\/\/practica.dev-factory.ro\/index.php?rest_route=\/wp\/v2\/users\/1"}],"replies":[{"embeddable":true,"href":"https:\/\/practica.dev-factory.ro\/index.php?rest_route=%2Fwp%2Fv2%2Fcomments&post=17"}],"version-history":[{"count":22,"href":"https:\/\/practica.dev-factory.ro\/index.php?rest_route=\/wp\/v2\/pages\/17\/revisions"}],"predecessor-version":[{"id":72,"href":"https:\/\/practica.dev-factory.ro\/index.php?rest_route=\/wp\/v2\/pages\/17\/revisions\/72"}],"wp:attachment":[{"href":"https:\/\/practica.dev-factory.ro\/index.php?rest_route=%2Fwp%2Fv2%2Fmedia&parent=17"}],"curies":[{"name":"wp","href":"https:\/\/api.w.org\/{rel}","templated":true}]}}